{"id":467,"date":"2018-03-21T10:46:14","date_gmt":"2018-03-21T10:46:14","guid":{"rendered":"http:\/\/31.200.244.47\/~molinaprotein\/?page_id=467"},"modified":"2024-01-31T11:30:42","modified_gmt":"2024-01-31T10:30:42","slug":"politica-de-cookies","status":"publish","type":"page","link":"https:\/\/molinaprotein.com\/es\/politica-de-cookies\/","title":{"rendered":"POL\u00cdTICA DE COOKIES"},"content":{"rendered":"\n<p><strong>POL\u00cdTICA DE COOKIES<\/strong><\/p>\n\n\n\n<ol class=\"wp-block-list\">\n<li><strong><\/strong><strong>Introducci\u00f3n.<\/strong><\/li>\n<\/ol>\n\n\n\n<p>Conforme con la Ley 34\/2002, de 11 de julio, de servicios de la sociedad de la informaci\u00f3n y de comercio electr\u00f3nico (LSSICE), en relaci\u00f3n con el Reglamento (UE) 2016\/679 del Parlamento Europeo y del Consejo, de 27 de abril de 2016, General de Protecci\u00f3n de Datos (RGPD) y la Ley Org\u00e1nica 3\/2018, de 5 de diciembre, de Protecci\u00f3n de Datos y Garant\u00eda de los Derechos Digitales (LOPDGDD), es obligado obtener el consentimiento expreso del usuario de todas las p\u00e1ginas web que usan cookies prescindibles, antes de que este navegue por ellas.<\/p>\n\n\n\n<p>Los presentes t\u00e9rminos exponen los posibles y distintos usos de las cookies que podemos llevar a cabo en el sitio web. Han sido revisados en marzo 2023, pudiendo existir variaciones hasta su pr\u00f3xima revisi\u00f3n.<\/p>\n\n\n\n<ul class=\"wp-block-list\">\n<li><strong><\/strong><strong>\u00bfQu\u00e9 son las cookies?<\/strong><\/li>\n<\/ul>\n\n\n\n<p>Las cookies y otras tecnolog\u00edas similares son herramientas empleadas por los servidores Web para almacenar y recuperar informaci\u00f3n acerca de sus visitantes, as\u00ed como para ofrecer un correcto funcionamiento del sitio.<\/p>\n\n\n\n<p>Mediante el uso de estos dispositivos se permite al servidor Web recordar algunos datos concernientes al usuario, como sus preferencias para la visualizaci\u00f3n de las p\u00e1ginas de ese servidor, nombre y contrase\u00f1a, productos que m\u00e1s le interesan, permitir un acceso m\u00e1s r\u00e1pido, almacenar y recuperar informaci\u00f3n sobre los h\u00e1bitos de navegaci\u00f3n, etc.<\/p>\n\n\n\n<p>Se asocian a un usuario an\u00f3nimo, sin que su ordenador o dispositivo proporcionen referencias que permitan conocer sus datos personales, salvo que se autorice.<\/p>\n\n\n\n<ul class=\"wp-block-list\">\n<li><strong><\/strong><strong>Cookies afectadas por la normativa y cookies exentas.<\/strong><\/li>\n<\/ul>\n\n\n\n<p>Seg\u00fan la directiva de la UE, las cookies que requieren el consentimiento informado por parte del usuario son las cookies de anal\u00edtica, las de publicidad y afiliaci\u00f3n, quedando exceptuadas las de car\u00e1cter t\u00e9cnico y las necesarias para el funcionamiento del sitio web o la prestaci\u00f3n de servicios expresamente solicitados por el usuario.<\/p>\n\n\n\n<ul class=\"wp-block-list\">\n<li><strong><\/strong><strong>Tipos de cookies.<\/strong><\/li>\n<\/ul>\n\n\n\n<ol class=\"wp-block-list\" style=\"list-style-type:lower-alpha\">\n<li><strong><\/strong><strong>Seg\u00fan su finalidad.<\/strong><\/li>\n\n\n\n<li><strong>Cookies t\u00e9cnicas y funcionales:<\/strong> son aquellas que permiten al usuario la navegaci\u00f3n a trav\u00e9s de una p\u00e1gina web, plataforma o aplicaci\u00f3n y la utilizaci\u00f3n de las diferentes opciones o servicios que en ella existan.<\/li>\n\n\n\n<li><strong>Cookies anal\u00edticas:<\/strong> son aquellas que permiten al responsable de estas el seguimiento y an\u00e1lisis del comportamiento de los usuarios de los sitios web a los que est\u00e1n vinculadas. La informaci\u00f3n recogida mediante este tipo de cookies se utiliza en la medici\u00f3n de la actividad de los sitios web, aplicaci\u00f3n o plataforma y para la elaboraci\u00f3n de perfiles de navegaci\u00f3n de los usuarios de dichos sitios, aplicaciones y plataformas, con el fin de introducir mejoras en funci\u00f3n del an\u00e1lisis de los datos de uso que hacen los usuarios del servicio.<\/li>\n\n\n\n<li><strong>Cookies publicitarias:<\/strong> son aquellas que permiten la gesti\u00f3n, de la forma m\u00e1s eficaz posible, de los espacios publicitarios que, en su caso, el editor haya incluido en una p\u00e1gina web, aplicaci\u00f3n o plataforma desde la que presta el servicio solicitado en base a criterios como el contenido editado o la frecuencia en la que se muestran los anuncios.<\/li>\n\n\n\n<li><strong>Cookies de publicidad comportamental:<\/strong> recogen informaci\u00f3n sobre las preferencias y elecciones personales del usuario (retargeting) para permitir la gesti\u00f3n, de la forma m\u00e1s eficaz posible, de los espacios publicitarios que, en su caso, el editor haya incluido en una p\u00e1gina web, aplicaci\u00f3n o plataforma desde la que presta el servicio solicitado.<\/li>\n\n\n\n<li><strong>Cookies sociales:<\/strong> son establecidas por las plataformas de redes sociales en los servicios para permitirle compartir contenido con sus amigos y redes. Las plataformas de medios sociales tienen la capacidad de rastrear su actividad en l\u00ednea fuera de los Servicios. Esto puede afectar al contenido y los mensajes que ve en otros servicios que visita.<\/li>\n\n\n\n<li><strong>Cookies de afiliados:<\/strong> permiten hacer un seguimiento de las visitas procedentes de otras webs, con las que el sitio web establece un contrato de afiliaci\u00f3n (empresas de afiliaci\u00f3n).<\/li>\n\n\n\n<li><strong>Cookies de seguridad:<\/strong> almacenan informaci\u00f3n cifrada para evitar que los datos guardados en ellas sean vulnerables a ataques maliciosos de terceros.<\/li>\n<\/ol>\n\n\n\n<ul class=\"wp-block-list\">\n<li><strong><\/strong><strong>Seg\u00fan su propietario o entidad que las gestiona.<\/strong><\/li>\n\n\n\n<li><strong>Cookies propias:<\/strong> son aquellas que se env\u00edan al equipo terminal del usuario desde un equipo o dominio gestionado por el propio editor y desde el que se presta el servicio solicitado por el usuario.<\/li>\n\n\n\n<li><strong>Cookies de terceros:<\/strong> son aquellas que se env\u00edan al equipo terminal del usuario desde un equipo o dominio que no es gestionado por el editor, sino por otra entidad que trata los datos obtenidos trav\u00e9s de las cookies.<\/li>\n<\/ul>\n\n\n\n<ul class=\"wp-block-list\">\n<li><strong><\/strong><strong>Seg\u00fan el tiempo de actividad o plazo de conservaci\u00f3n.<\/strong><\/li>\n\n\n\n<li>Cookies de sesi\u00f3n: son un tipo de cookies dise\u00f1adas para recabar y almacenar datos mientras el usuario accede a una p\u00e1gina web.<\/li>\n\n\n\n<li><strong>Cookies persistentes:<\/strong> son un tipo de cookies en el que los datos siguen almacenados en el terminal y pueden ser accedidos y tratados durante un per\u00edodo definido por el responsable de la cookie, y que puede ir de unos minutos a varios a\u00f1os.<\/li>\n<\/ul>\n\n\n\n<ul class=\"wp-block-list\">\n<li><strong><\/strong><strong>Tratamiento de datos personales.<\/strong><\/li>\n<\/ul>\n\n\n\n<p>Responsable de tratamiento: ANDR\u00c9S MOLINA Y ASOCIADOS S.L.<\/p>\n\n\n\n<p>Fines de tratamiento: seg\u00fan se especifica en el apartado 4.a de los presentes t\u00e9rminos.<\/p>\n\n\n\n<p>Legitimaci\u00f3n del tratamiento: inter\u00e9s leg\u00edtimo, consentimiento informado.<\/p>\n\n\n\n<p>Plazos de conservaci\u00f3n: seg\u00fan se especifica en el inventario de cookies utilizadas en este sitio web.<\/p>\n\n\n\n<p>Comunicaci\u00f3n de los datos: no se comunicar\u00e1n datos de forma predeterminada, salvo en cookies propiedad de terceros o por previsi\u00f3n legal.<\/p>\n\n\n\n<p>Derechos: el interesado puede revocar el consentimiento en cualquier momento, as\u00ed como solicitar acceso, rectificaci\u00f3n, supresi\u00f3n, limitaci\u00f3n, portabilidad u oposici\u00f3n de sus datos.<\/p>\n\n\n\n<p>Informaci\u00f3n ampliada de privacidad: En la <a href=\"https:\/\/molinaprotein.com\/es\/politica-de-privacidad\/\" target=\"_blank\" rel=\"noreferrer noopener\">Pol\u00edtica de Privacidad<\/a> encontrar\u00e1 informaci\u00f3n m\u00e1s amplia sobre el tratamiento de los datos, sus derechos y c\u00f3mo proceder a su ejercicio.<\/p>\n\n\n\n<ul class=\"wp-block-list\">\n<li><strong><\/strong><strong>Inventario de cookies usadas en este sitio web.<\/strong><\/li>\n<\/ul>\n\n\n\n<h1 class=\"wp-block-heading\">&nbsp;&nbsp;&nbsp;&nbsp;&nbsp;&nbsp;&nbsp;&nbsp;&nbsp;&nbsp;&nbsp;&nbsp;&nbsp;&nbsp;&nbsp;&nbsp;&nbsp;&nbsp;&nbsp;&nbsp;&nbsp;&nbsp;&nbsp;&nbsp; COOKIES UTILIZADAS EN ESTE SITIO WEB<\/h1>\n\n\n\n<p><strong>COOKIES CONTROLADAS POR EL EDITOR<\/strong><\/p>\n\n\n\n<p><strong>T\u00e9cnicas y funcionales<\/strong><\/p>\n\n\n\n<figure class=\"wp-block-table\"><table><tbody><tr><td><strong>Propiedad<\/strong><\/td><td><strong>Cookie<\/strong><\/td><td><strong>Finalidad<\/strong><\/td><td><strong>Plazo<\/strong><\/td><\/tr><tr><td>molinaprotein.com<\/td><td><strong>_icl_current_langu age<\/strong><\/td><td>Se utiliza para recordar el idioma que ha seleccionado el usuario y mostrarle los contenidos en ese mismo idioma a lo largo de su navegaci\u00f3n<\/td><td>en 22 horas<\/td><\/tr><tr><td>molinaprotein.com<\/td><td><strong>moove_gdpr_pop up<\/strong><\/td><td>Cookie necesaria para la utilizaci\u00f3n de las opciones y servicios del sitio web<\/td><td>en un a\u00f1o<\/td><\/tr><\/tbody><\/table><\/figure>\n\n\n\n<p><strong>Anal\u00edticas<\/strong><\/p>\n\n\n\n<figure class=\"wp-block-table\"><table><tbody><tr><td><strong>Propiedad<\/strong><\/td><td><strong>Cookie<\/strong><\/td><td><strong>Finalidad<\/strong><\/td><td><strong>Plazo<\/strong><\/td><\/tr><tr><td>molinaprotein.com<\/td><td><strong>__utma<\/strong><\/td><td>ID utiliza para identificar a los usuarios y sesiones<\/td><td>en un a\u00f1o<\/td><\/tr><tr><td>molinaprotein.com<\/td><td><strong>__utmb<\/strong><\/td><td>Se utiliza para distinguir nuevas sesiones y visitas. Esta cookie se establece cuando se carga la biblioteca ga.js de JavaScript y no hay ninguna cookie __utmb existente. La cookie se actualiza cada vez que se env\u00eda los datos al servidor de Google Analytics.<\/td><td>Sesi\u00f3n<\/td><\/tr><tr><td>molinaprotein.com<\/td><td><strong>__utmc<\/strong><\/td><td>Se utiliza s\u00f3lo con versiones anteriores de Urchin de Google Analytics y no con ga.js. Se utiliz\u00f3 para distinguir entre las nuevas sesiones y visitas al final de una sesi\u00f3n.<\/td><td>Sesi\u00f3n<\/td><\/tr><tr><td>molinaprotein.com<\/td><td><strong>__utmt<\/strong><\/td><td>Se utiliza para monitorizar el n\u00famero de peticiones al servidor de Google Analytics<\/td><td>Sesi\u00f3n<\/td><\/tr><tr><td>molinaprotein.com<\/td><td><strong>__utmz<\/strong><\/td><td>Contiene informaci\u00f3n sobre la fuente de tr\u00e1fico o campa\u00f1a que dirige usuario al sitio web. La cookie se establece cuando los ga.js. Javascript se carga y se actualizan cuando se env\u00edan datos al servidor de Google Analytics<\/td><td>en 7 meses<\/td><\/tr><\/tbody><\/table><\/figure>\n\n\n\n<p><strong>COOKIES DE TERCEROS<\/strong><\/p>\n\n\n\n<p>Los servicios de terceros son ajenos al control del editor. Los proveedores pueden modificar en todo momento sus condiciones de servicio, finalidad y utilizaci\u00f3n de las cookies, etc.<\/p>\n\n\n\n<p><strong>Proveedores externos de este sitio web:<\/strong><\/p>\n\n\n\n<figure class=\"wp-block-table\"><table><tbody><tr><td><strong>Editor<\/strong><\/td><td><strong>Pol\u00edtica de privacidad<\/strong><\/td><\/tr><tr><td>Google Analytics<\/td><td><a href=\"https:\/\/privacy.google.com\/take-control.html\">https:\/\/privacy.google.com\/take-control.html<\/a><\/td><\/tr><\/tbody><\/table><\/figure>\n\n\n\n<ul class=\"wp-block-list\">\n<li><strong><\/strong><strong>Panel de configuraci\u00f3n de cookies.<\/strong><\/li>\n<\/ul>\n\n\n\n<p>Desde este panel podr\u00e1 configurar las cookies que el sitio web puede instalar en su navegador, excepto las cookies t\u00e9cnicas o funcionales que son necesarias para la navegaci\u00f3n y la utilizaci\u00f3n de las diferentes opciones o servicios que se ofrecen.<\/p>\n\n\n\n<p><a>&gt;&gt;&gt; insertar acceso directo panel de control del CMP&lt;&lt;&lt; o describir c\u00f3mo encontrar el acceso directo, por ejemplo, aproximando cursor a la esquina inferior derecha del sitio web.<\/a><a href=\"#_msocom_1\">[AMM1]<\/a>&nbsp;<\/p>\n\n\n\n<ul class=\"wp-block-list\">\n<li><strong><\/strong><strong>C\u00f3mo gestionar las cookies desde el navegador.<\/strong><\/li>\n<\/ul>\n\n\n\n<ol class=\"wp-block-list\" style=\"list-style-type:lower-alpha\">\n<li><strong><\/strong><strong>Eliminar las cookies del dispositivo.<\/strong><\/li>\n<\/ol>\n\n\n\n<p>Las cookies que ya est\u00e1n en un dispositivo se pueden eliminar borrando el historial del navegador, con lo que se suprimen las cookies de todos los sitios web visitados. Sin embargo, tambi\u00e9n se puede perder parte de la informaci\u00f3n guardada (por ejemplo, los datos de inicio de sesi\u00f3n o las preferencias de sitio web).<\/p>\n\n\n\n<ul class=\"wp-block-list\">\n<li><strong><\/strong><strong>Gestionar las cookies espec\u00edficas del sitio.<\/strong><\/li>\n<\/ul>\n\n\n\n<p>Para tener un control m\u00e1s preciso de las cookies espec\u00edficas de cada sitio, los usuarios pueden ajustar su configuraci\u00f3n de privacidad y cookies en el navegador.<\/p>\n\n\n\n<ul class=\"wp-block-list\">\n<li><strong><\/strong><strong>Bloquear las cookies.<\/strong><\/li>\n<\/ul>\n\n\n\n<p>Aunque la mayor\u00eda de los navegadores modernos se pueden configurar para evitar que se instalen cookies en los dispositivos, eso puede obligar al ajuste manual de determinadas preferencias cada vez que se visite un sitio o p\u00e1gina. Adem\u00e1s, algunos servicios y caracter\u00edsticas pueden no funcionar correctamente (por ejemplo, los inicios de sesi\u00f3n con perfil).<\/p>\n\n\n\n<ul class=\"wp-block-list\">\n<li><strong><\/strong><strong>Como eliminar las cookies de los navegadores m\u00e1s comunes.<\/strong><\/li>\n<\/ul>\n\n\n\n<ol class=\"wp-block-list\" style=\"list-style-type:lower-alpha\">\n<li><strong><\/strong><a href=\"http:\/\/support.google.com\/chrome\/answer\/95647?hl=es\"><strong>CHROME<\/strong><\/a><\/li>\n\n\n\n<li><strong><\/strong><a href=\"https:\/\/support.microsoft.com\/es-es\/microsoft-edge\/eliminar-las-cookies-en-microsoft-edge-63947406-40ac-c3b8-57b9-2a946a29ae09\"><strong>EDGE<\/strong><\/a><\/li>\n\n\n\n<li><strong><\/strong><a href=\"https:\/\/support.microsoft.com\/es-es\/help\/278835\/how-to-delete-cookie-files-in-internet-explorer\"><strong>EXPLORER<\/strong><\/a><\/li>\n\n\n\n<li><strong><\/strong><a href=\"https:\/\/www.mozilla.org\/es-ES\/privacy\/websites\/#cookies\"><strong>FIREFOX<\/strong><\/a><\/li>\n\n\n\n<li><strong><\/strong><a href=\"https:\/\/support.apple.com\/es-es\/guide\/safari\/sfri11471\/mac\"><strong>SAFARI<\/strong><\/a><\/li>\n\n\n\n<li><strong><\/strong><a href=\"https:\/\/help.opera.com\/en\/latest\/security-and-privacy\/#clearBrowsingData\"><strong>OPERA<\/strong><\/a><\/li>\n<\/ol>\n\n\n\n<hr class=\"wp-block-separator has-alpha-channel-opacity\"\/>\n\n\n\n<p><a id=\"_msocom_1\"><\/a><\/p>\n\n\n\n<p>Sugerencia: revisar por el t\u00e9cnico web para ajustar descripci\u00f3n al funcionamiento real.<\/p>\n","protected":false},"excerpt":{"rendered":"<p>POL\u00cdTICA DE COOKIES Conforme con la Ley 34\/2002, de 11 de julio, de servicios de la sociedad de la informaci\u00f3n y de comercio electr\u00f3nico (LSSICE), en relaci\u00f3n con el Reglamento (UE) 2016\/679 del Parlamento Europeo y del Consejo, de 27 de abril de 2016, General&#8230;<\/p>\n","protected":false},"author":2,"featured_media":0,"parent":0,"menu_order":0,"comment_status":"closed","ping_status":"closed","template":"","meta":{"footnotes":""},"class_list":["post-467","page","type-page","status-publish","hentry"],"yoast_head":"<!-- This site is optimized with the Yoast SEO plugin v27.4 - https:\/\/yoast.com\/product\/yoast-seo-wordpress\/ -->\n<title>POL\u00cdTICA DE COOKIES - Molina Protein<\/title>\n<meta name=\"robots\" content=\"noindex, follow\" \/>\n<meta property=\"og:locale\" content=\"es_ES\" \/>\n<meta property=\"og:type\" content=\"article\" \/>\n<meta property=\"og:title\" content=\"POL\u00cdTICA DE COOKIES - Molina Protein\" \/>\n<meta property=\"og:description\" content=\"POL\u00cdTICA DE COOKIES Conforme con la Ley 34\/2002, de 11 de julio, de servicios de la sociedad de la informaci\u00f3n y de comercio electr\u00f3nico (LSSICE), en relaci\u00f3n con el Reglamento (UE) 2016\/679 del Parlamento Europeo y del Consejo, de 27 de abril de 2016, General...\" \/>\n<meta property=\"og:url\" content=\"https:\/\/molinaprotein.com\/es\/politica-de-cookies\/\" \/>\n<meta property=\"og:site_name\" content=\"Molina Protein\" \/>\n<meta property=\"article:modified_time\" content=\"2024-01-31T10:30:42+00:00\" \/>\n<meta name=\"twitter:card\" content=\"summary_large_image\" \/>\n<meta name=\"twitter:label1\" content=\"Tiempo de lectura\" \/>\n\t<meta name=\"twitter:data1\" content=\"7 minutos\" \/>\n<script type=\"application\/ld+json\" class=\"yoast-schema-graph\">{\"@context\":\"https:\\\/\\\/schema.org\",\"@graph\":[{\"@type\":\"WebPage\",\"@id\":\"https:\\\/\\\/molinaprotein.com\\\/es\\\/politica-de-cookies\\\/\",\"url\":\"https:\\\/\\\/molinaprotein.com\\\/es\\\/politica-de-cookies\\\/\",\"name\":\"POL\u00cdTICA DE COOKIES - Molina Protein\",\"isPartOf\":{\"@id\":\"https:\\\/\\\/molinaprotein.com\\\/#website\"},\"datePublished\":\"2018-03-21T10:46:14+00:00\",\"dateModified\":\"2024-01-31T10:30:42+00:00\",\"breadcrumb\":{\"@id\":\"https:\\\/\\\/molinaprotein.com\\\/es\\\/politica-de-cookies\\\/#breadcrumb\"},\"inLanguage\":\"es\",\"potentialAction\":[{\"@type\":\"ReadAction\",\"target\":[\"https:\\\/\\\/molinaprotein.com\\\/es\\\/politica-de-cookies\\\/\"]}]},{\"@type\":\"BreadcrumbList\",\"@id\":\"https:\\\/\\\/molinaprotein.com\\\/es\\\/politica-de-cookies\\\/#breadcrumb\",\"itemListElement\":[{\"@type\":\"ListItem\",\"position\":1,\"name\":\"Portada\",\"item\":\"https:\\\/\\\/molinaprotein.com\\\/es\\\/\"},{\"@type\":\"ListItem\",\"position\":2,\"name\":\"POL\u00cdTICA DE COOKIES\"}]},{\"@type\":\"WebSite\",\"@id\":\"https:\\\/\\\/molinaprotein.com\\\/#website\",\"url\":\"https:\\\/\\\/molinaprotein.com\\\/\",\"name\":\"Molina Protein\",\"description\":\"Collagen raw material worldwide\",\"potentialAction\":[{\"@type\":\"SearchAction\",\"target\":{\"@type\":\"EntryPoint\",\"urlTemplate\":\"https:\\\/\\\/molinaprotein.com\\\/?s={search_term_string}\"},\"query-input\":{\"@type\":\"PropertyValueSpecification\",\"valueRequired\":true,\"valueName\":\"search_term_string\"}}],\"inLanguage\":\"es\"}]}<\/script>\n<!-- \/ Yoast SEO plugin. -->","yoast_head_json":{"title":"POL\u00cdTICA DE COOKIES - Molina Protein","robots":{"index":"noindex","follow":"follow"},"og_locale":"es_ES","og_type":"article","og_title":"POL\u00cdTICA DE COOKIES - Molina Protein","og_description":"POL\u00cdTICA DE COOKIES Conforme con la Ley 34\/2002, de 11 de julio, de servicios de la sociedad de la informaci\u00f3n y de comercio electr\u00f3nico (LSSICE), en relaci\u00f3n con el Reglamento (UE) 2016\/679 del Parlamento Europeo y del Consejo, de 27 de abril de 2016, General...","og_url":"https:\/\/molinaprotein.com\/es\/politica-de-cookies\/","og_site_name":"Molina Protein","article_modified_time":"2024-01-31T10:30:42+00:00","twitter_card":"summary_large_image","twitter_misc":{"Tiempo de lectura":"7 minutos"},"schema":{"@context":"https:\/\/schema.org","@graph":[{"@type":"WebPage","@id":"https:\/\/molinaprotein.com\/es\/politica-de-cookies\/","url":"https:\/\/molinaprotein.com\/es\/politica-de-cookies\/","name":"POL\u00cdTICA DE COOKIES - Molina Protein","isPartOf":{"@id":"https:\/\/molinaprotein.com\/#website"},"datePublished":"2018-03-21T10:46:14+00:00","dateModified":"2024-01-31T10:30:42+00:00","breadcrumb":{"@id":"https:\/\/molinaprotein.com\/es\/politica-de-cookies\/#breadcrumb"},"inLanguage":"es","potentialAction":[{"@type":"ReadAction","target":["https:\/\/molinaprotein.com\/es\/politica-de-cookies\/"]}]},{"@type":"BreadcrumbList","@id":"https:\/\/molinaprotein.com\/es\/politica-de-cookies\/#breadcrumb","itemListElement":[{"@type":"ListItem","position":1,"name":"Portada","item":"https:\/\/molinaprotein.com\/es\/"},{"@type":"ListItem","position":2,"name":"POL\u00cdTICA DE COOKIES"}]},{"@type":"WebSite","@id":"https:\/\/molinaprotein.com\/#website","url":"https:\/\/molinaprotein.com\/","name":"Molina Protein","description":"Collagen raw material worldwide","potentialAction":[{"@type":"SearchAction","target":{"@type":"EntryPoint","urlTemplate":"https:\/\/molinaprotein.com\/?s={search_term_string}"},"query-input":{"@type":"PropertyValueSpecification","valueRequired":true,"valueName":"search_term_string"}}],"inLanguage":"es"}]}},"_links":{"self":[{"href":"https:\/\/molinaprotein.com\/es\/wp-json\/wp\/v2\/pages\/467","targetHints":{"allow":["GET"]}}],"collection":[{"href":"https:\/\/molinaprotein.com\/es\/wp-json\/wp\/v2\/pages"}],"about":[{"href":"https:\/\/molinaprotein.com\/es\/wp-json\/wp\/v2\/types\/page"}],"author":[{"embeddable":true,"href":"https:\/\/molinaprotein.com\/es\/wp-json\/wp\/v2\/users\/2"}],"replies":[{"embeddable":true,"href":"https:\/\/molinaprotein.com\/es\/wp-json\/wp\/v2\/comments?post=467"}],"version-history":[{"count":5,"href":"https:\/\/molinaprotein.com\/es\/wp-json\/wp\/v2\/pages\/467\/revisions"}],"predecessor-version":[{"id":25698,"href":"https:\/\/molinaprotein.com\/es\/wp-json\/wp\/v2\/pages\/467\/revisions\/25698"}],"wp:attachment":[{"href":"https:\/\/molinaprotein.com\/es\/wp-json\/wp\/v2\/media?parent=467"}],"curies":[{"name":"wp","href":"https:\/\/api.w.org\/{rel}","templated":true}]}}